{"id":564,"date":"2023-05-10T11:57:25","date_gmt":"2023-05-10T11:57:25","guid":{"rendered":"https:\/\/amreeyaparfum.com\/product\/bogurtlen\/"},"modified":"2023-05-10T11:57:25","modified_gmt":"2023-05-10T11:57:25","slug":"bogurtlen","status":"publish","type":"product","link":"https:\/\/amreeyaparfum.com\/tr\/urun\/bogurtlen\/","title":{"rendered":"B\u00f6\u011f\u00fcrtlen"},"content":{"rendered":"","protected":false},"excerpt":{"rendered":"","protected":false},"featured_media":506,"comment_status":"open","ping_status":"closed","template":"","meta":[],"product_cat":[33],"product_tag":[],"class_list":["post-564","product","type-product","status-publish","has-post-thumbnail","hentry","product_cat-kamis-difuzor"],"_links":{"self":[{"href":"https:\/\/amreeyaparfum.com\/tr\/wp-json\/wp\/v3\/product\/564","targetHints":{"allow":["GET"]}}],"collection":[{"href":"https:\/\/amreeyaparfum.com\/tr\/wp-json\/wp\/v3\/product"}],"about":[{"href":"https:\/\/amreeyaparfum.com\/tr\/wp-json\/wp\/v2\/types\/product"}],"replies":[{"embeddable":true,"href":"https:\/\/amreeyaparfum.com\/tr\/wp-json\/wp\/v2\/comments?post=564"}],"wp:featuredmedia":[{"embeddable":true,"href":"https:\/\/amreeyaparfum.com\/tr\/wp-json\/wp\/v2\/media\/506"}],"wp:attachment":[{"href":"https:\/\/amreeyaparfum.com\/tr\/wp-json\/wp\/v2\/media?parent=564"}],"wp:term":[{"taxonomy":"product_cat","embeddable":true,"href":"https:\/\/amreeyaparfum.com\/tr\/wp-json\/wp\/v2\/product_cat?post=564"},{"taxonomy":"product_tag","embeddable":true,"href":"https:\/\/amreeyaparfum.com\/tr\/wp-json\/wp\/v2\/product_tag?post=564"}],"curies":[{"name":"wp","href":"https:\/\/api.w.org\/{rel}","templated":true}]}}