{"id":1306,"date":"2023-09-13T11:57:41","date_gmt":"2023-09-13T11:57:41","guid":{"rendered":"https:\/\/amreeyaparfum.com\/?post_type=product&#038;p=1306"},"modified":"2023-09-18T10:39:21","modified_gmt":"2023-09-18T10:39:21","slug":"kirmizi-ejderha-2","status":"publish","type":"product","link":"https:\/\/amreeyaparfum.com\/tr\/urun\/kirmizi-ejderha-2\/","title":{"rendered":"k\u0131rm\u0131z\u0131 Ejderha"},"content":{"rendered":"","protected":false},"excerpt":{"rendered":"","protected":false},"featured_media":1280,"comment_status":"open","ping_status":"closed","template":"","meta":[],"product_cat":[47],"product_tag":[],"class_list":["post-1306","product","type-product","status-publish","has-post-thumbnail","hentry","product_cat-oda-spreyi"],"_links":{"self":[{"href":"https:\/\/amreeyaparfum.com\/tr\/wp-json\/wp\/v3\/product\/1306","targetHints":{"allow":["GET"]}}],"collection":[{"href":"https:\/\/amreeyaparfum.com\/tr\/wp-json\/wp\/v3\/product"}],"about":[{"href":"https:\/\/amreeyaparfum.com\/tr\/wp-json\/wp\/v2\/types\/product"}],"replies":[{"embeddable":true,"href":"https:\/\/amreeyaparfum.com\/tr\/wp-json\/wp\/v2\/comments?post=1306"}],"wp:featuredmedia":[{"embeddable":true,"href":"https:\/\/amreeyaparfum.com\/tr\/wp-json\/wp\/v2\/media\/1280"}],"wp:attachment":[{"href":"https:\/\/amreeyaparfum.com\/tr\/wp-json\/wp\/v2\/media?parent=1306"}],"wp:term":[{"taxonomy":"product_cat","embeddable":true,"href":"https:\/\/amreeyaparfum.com\/tr\/wp-json\/wp\/v2\/product_cat?post=1306"},{"taxonomy":"product_tag","embeddable":true,"href":"https:\/\/amreeyaparfum.com\/tr\/wp-json\/wp\/v2\/product_tag?post=1306"}],"curies":[{"name":"wp","href":"https:\/\/api.w.org\/{rel}","templated":true}]}}